{"id":228,"date":"2021-04-13T19:25:14","date_gmt":"2021-04-13T19:25:14","guid":{"rendered":"https:\/\/ttm4x4customs.com\/?post_type=product&#038;p=228"},"modified":"2025-11-11T01:17:01","modified_gmt":"2025-11-11T01:17:01","slug":"rock-slider-para-jk-4-puertas","status":"publish","type":"product","link":"https:\/\/ttm4x4customs.com\/?product=rock-slider-para-jk-4-puertas","title":{"rendered":"Rock slider para Jk 4 puertas TTM4x4customs"},"content":{"rendered":"","protected":false},"excerpt":{"rendered":"<p>A\u00f1ade estilo y protecci\u00f3n a los laterales de tu jeep jk de 4 puertas con los <strong>Rock sliders TTM4x4customs\u00a0<\/strong><\/p>\n<ul>\n<li>dise\u00f1o exclusivo<\/li>\n<li>su exclusivo sistema de escal\u00f3n asegura un acceso f\u00e1cil a la cabina y una protecci\u00f3n excepcional a los laterales de tu jeep gracias a su formaci\u00f3n &#8220;<strong>TM4x4customs unibody<\/strong>&#8221; que consiste en 3 dobleces a la placa de acero que a\u00f1aden rigidez estructural<\/li>\n<li>fabricado en placa de acero de 3\/16\u2033 de espesor<\/li>\n<li>consta de 3 piezas principales<\/li>\n<li>torniller\u00eda en acero inoxidable<\/li>\n<li>dise\u00f1o y desarrollo 100% por computadora<\/li>\n<li>100% atornillable para su f\u00e1cil instalaci\u00f3n<\/li>\n<li>completamente manufacturados con insumos mexicanos y con mano de obra mexicana\u00a0 <img loading=\"lazy\" decoding=\"async\" class=\"alignnone\" src=\"https:\/\/cdn-3.expansion.mx\/dims4\/default\/9bee003\/2147483647\/strip\/true\/crop\/240x180+0+0\/resize\/800x600!\/quality\/90\/?url=https%3A%2F%2Fcherry-brightspot.s3.amazonaws.com%2Fmedia%2F2009%2F02%2F23%2Fhechoenmexico.jpg\" alt=\"El logotipo de Hecho en M\u00e9xico. (Foto: Cortes\u00eda)\" width=\"97\" height=\"73\" \/><\/li>\n<\/ul>\n<p>&nbsp;<\/p>\n<p><img loading=\"lazy\" decoding=\"async\" class=\"alignnone size-full wp-image-233\" src=\"https:\/\/ttm4x4customs.com\/wp-content\/uploads\/2021\/04\/jk-rs-4door-rs5.jpg\" alt=\"\" width=\"1650\" height=\"1275\" srcset=\"https:\/\/ttm4x4customs.com\/wp-content\/uploads\/2021\/04\/jk-rs-4door-rs5.jpg 1650w, https:\/\/ttm4x4customs.com\/wp-content\/uploads\/2021\/04\/jk-rs-4door-rs5-300x232.jpg 300w, https:\/\/ttm4x4customs.com\/wp-content\/uploads\/2021\/04\/jk-rs-4door-rs5-1024x791.jpg 1024w, https:\/\/ttm4x4customs.com\/wp-content\/uploads\/2021\/04\/jk-rs-4door-rs5-768x593.jpg 768w, https:\/\/ttm4x4customs.com\/wp-content\/uploads\/2021\/04\/jk-rs-4door-rs5-1536x1187.jpg 1536w, https:\/\/ttm4x4customs.com\/wp-content\/uploads\/2021\/04\/jk-rs-4door-rs5-416x321.jpg 416w\" sizes=\"auto, (max-width: 1650px) 100vw, 1650px\" \/><\/p>\n<p><img loading=\"lazy\" decoding=\"async\" class=\"alignnone size-full wp-image-230\" src=\"https:\/\/ttm4x4customs.com\/wp-content\/uploads\/2021\/04\/jk-rs-4door-rs-2.jpg\" alt=\"\" width=\"1650\" height=\"1275\" srcset=\"https:\/\/ttm4x4customs.com\/wp-content\/uploads\/2021\/04\/jk-rs-4door-rs-2.jpg 1650w, https:\/\/ttm4x4customs.com\/wp-content\/uploads\/2021\/04\/jk-rs-4door-rs-2-300x232.jpg 300w, https:\/\/ttm4x4customs.com\/wp-content\/uploads\/2021\/04\/jk-rs-4door-rs-2-1024x791.jpg 1024w, https:\/\/ttm4x4customs.com\/wp-content\/uploads\/2021\/04\/jk-rs-4door-rs-2-768x593.jpg 768w, https:\/\/ttm4x4customs.com\/wp-content\/uploads\/2021\/04\/jk-rs-4door-rs-2-1536x1187.jpg 1536w, https:\/\/ttm4x4customs.com\/wp-content\/uploads\/2021\/04\/jk-rs-4door-rs-2-416x321.jpg 416w\" sizes=\"auto, (max-width: 1650px) 100vw, 1650px\" \/><\/p>\n<p><img loading=\"lazy\" decoding=\"async\" class=\"alignnone size-large wp-image-176\" src=\"https:\/\/ttm4x4customs.com\/wp-content\/uploads\/2020\/07\/jk-rs0-1024x766.jpg\" alt=\"\" width=\"980\" height=\"733\" srcset=\"https:\/\/ttm4x4customs.com\/wp-content\/uploads\/2020\/07\/jk-rs0-1024x766.jpg 1024w, https:\/\/ttm4x4customs.com\/wp-content\/uploads\/2020\/07\/jk-rs0-300x224.jpg 300w, https:\/\/ttm4x4customs.com\/wp-content\/uploads\/2020\/07\/jk-rs0-768x575.jpg 768w, https:\/\/ttm4x4customs.com\/wp-content\/uploads\/2020\/07\/jk-rs0-1536x1149.jpg 1536w, https:\/\/ttm4x4customs.com\/wp-content\/uploads\/2020\/07\/jk-rs0-416x311.jpg 416w, https:\/\/ttm4x4customs.com\/wp-content\/uploads\/2020\/07\/jk-rs0.jpg 1645w\" sizes=\"auto, (max-width: 980px) 100vw, 980px\" \/><\/p>\n","protected":false},"featured_media":230,"comment_status":"open","ping_status":"closed","template":"","meta":[],"product_brand":[],"product_cat":[19],"product_tag":[21],"class_list":{"0":"post-228","1":"product","2":"type-product","3":"status-publish","4":"has-post-thumbnail","6":"product_cat-jk","7":"product_tag-rock-sliders-estribos","9":"first","10":"onbackorder","11":"featured","12":"taxable","13":"shipping-taxable","14":"purchasable","15":"product-type-simple"},"_links":{"self":[{"href":"https:\/\/ttm4x4customs.com\/index.php?rest_route=\/wp\/v2\/product\/228","targetHints":{"allow":["GET"]}}],"collection":[{"href":"https:\/\/ttm4x4customs.com\/index.php?rest_route=\/wp\/v2\/product"}],"about":[{"href":"https:\/\/ttm4x4customs.com\/index.php?rest_route=\/wp\/v2\/types\/product"}],"replies":[{"embeddable":true,"href":"https:\/\/ttm4x4customs.com\/index.php?rest_route=%2Fwp%2Fv2%2Fcomments&post=228"}],"wp:featuredmedia":[{"embeddable":true,"href":"https:\/\/ttm4x4customs.com\/index.php?rest_route=\/wp\/v2\/media\/230"}],"wp:attachment":[{"href":"https:\/\/ttm4x4customs.com\/index.php?rest_route=%2Fwp%2Fv2%2Fmedia&parent=228"}],"wp:term":[{"taxonomy":"product_brand","embeddable":true,"href":"https:\/\/ttm4x4customs.com\/index.php?rest_route=%2Fwp%2Fv2%2Fproduct_brand&post=228"},{"taxonomy":"product_cat","embeddable":true,"href":"https:\/\/ttm4x4customs.com\/index.php?rest_route=%2Fwp%2Fv2%2Fproduct_cat&post=228"},{"taxonomy":"product_tag","embeddable":true,"href":"https:\/\/ttm4x4customs.com\/index.php?rest_route=%2Fwp%2Fv2%2Fproduct_tag&post=228"}],"curies":[{"name":"wp","href":"https:\/\/api.w.org\/{rel}","templated":true}]}}