{"id":31,"date":"2020-07-13T19:09:59","date_gmt":"2020-07-13T19:09:59","guid":{"rendered":"https:\/\/ttm4x4customs.com\/?p=31"},"modified":"2026-01-18T09:10:30","modified_gmt":"2026-01-18T09:10:30","slug":"beanie","status":"publish","type":"product","link":"https:\/\/ttm4x4customs.com\/?product=beanie","title":{"rendered":"Rock Slider para JK 2 puertas  TTM4x4 Customs"},"content":{"rendered":"<ul>\n<li>A\u00f1ade estilo y protecci\u00f3n a los laterales de tu jeep jk de 2 puertas con los <strong>Rock sliders TTM4x4customs\u00a0<\/strong>\n<ul>\n<li>dise\u00f1o exclusivo<\/li>\n<li>su exclusivo sistema de escal\u00f3n asegura un acceso f\u00e1cil a la cabina y una protecci\u00f3n excepcional a los laterales de tu jeep gracias a su formaci\u00f3n &#8220;<strong>TM4x4customs unibody<\/strong>&#8221; que consiste en 3 dobleces a la placa de acero que a\u00f1aden rigidez estructural<\/li>\n<li>fabricado en placa de acero de 3\/16\u2033 de espesor<\/li>\n<li>consta de 3 piezas principales<\/li>\n<li>torniller\u00eda en acero inoxidable<\/li>\n<li>dise\u00f1o y desarrollo 100% por computadora<\/li>\n<li>100% atornillable para su f\u00e1cil instalaci\u00f3n<\/li>\n<li>completamente manufacturados con insumos mexicanos y con mano de obra mexicana\u00a0 <img loading=\"lazy\" decoding=\"async\" class=\"alignnone\" src=\"https:\/\/cdn-3.expansion.mx\/dims4\/default\/9bee003\/2147483647\/strip\/true\/crop\/240x180+0+0\/resize\/800x600!\/quality\/90\/?url=https%3A%2F%2Fcherry-brightspot.s3.amazonaws.com%2Fmedia%2F2009%2F02%2F23%2Fhechoenmexico.jpg\" alt=\"El logotipo de Hecho en M\u00e9xico. (Foto: Cortes\u00eda)\" width=\"97\" height=\"73\" \/><\/li>\n<\/ul>\n<\/li>\n<\/ul>\n<p><img loading=\"lazy\" decoding=\"async\" class=\"alignnone wp-image-166 size-large\" src=\"https:\/\/ttm4x4customs.com\/wp-content\/uploads\/2020\/07\/91022271_10157210709891295_2769224320654770176_o-1024x768.jpg\" alt=\"\" width=\"980\" height=\"735\" srcset=\"https:\/\/ttm4x4customs.com\/wp-content\/uploads\/2020\/07\/91022271_10157210709891295_2769224320654770176_o-1024x768.jpg 1024w, https:\/\/ttm4x4customs.com\/wp-content\/uploads\/2020\/07\/91022271_10157210709891295_2769224320654770176_o-300x225.jpg 300w, https:\/\/ttm4x4customs.com\/wp-content\/uploads\/2020\/07\/91022271_10157210709891295_2769224320654770176_o-768x576.jpg 768w, https:\/\/ttm4x4customs.com\/wp-content\/uploads\/2020\/07\/91022271_10157210709891295_2769224320654770176_o-1536x1152.jpg 1536w, https:\/\/ttm4x4customs.com\/wp-content\/uploads\/2020\/07\/91022271_10157210709891295_2769224320654770176_o-416x312.jpg 416w, https:\/\/ttm4x4customs.com\/wp-content\/uploads\/2020\/07\/91022271_10157210709891295_2769224320654770176_o.jpg 2048w\" sizes=\"auto, (max-width: 980px) 100vw, 980px\" \/> <img loading=\"lazy\" decoding=\"async\" class=\"alignnone wp-image-169 size-large\" src=\"https:\/\/ttm4x4customs.com\/wp-content\/uploads\/2020\/07\/rks1-1024x791.jpg\" alt=\"\" width=\"980\" height=\"757\" srcset=\"https:\/\/ttm4x4customs.com\/wp-content\/uploads\/2020\/07\/rks1-1024x791.jpg 1024w, https:\/\/ttm4x4customs.com\/wp-content\/uploads\/2020\/07\/rks1-300x232.jpg 300w, https:\/\/ttm4x4customs.com\/wp-content\/uploads\/2020\/07\/rks1-768x593.jpg 768w, https:\/\/ttm4x4customs.com\/wp-content\/uploads\/2020\/07\/rks1-1536x1187.jpg 1536w, https:\/\/ttm4x4customs.com\/wp-content\/uploads\/2020\/07\/rks1-416x321.jpg 416w, https:\/\/ttm4x4customs.com\/wp-content\/uploads\/2020\/07\/rks1.jpg 1650w\" sizes=\"auto, (max-width: 980px) 100vw, 980px\" \/> <img loading=\"lazy\" decoding=\"async\" class=\"alignnone wp-image-176 size-large\" src=\"https:\/\/ttm4x4customs.com\/wp-content\/uploads\/2020\/07\/jk-rs0-1024x766.jpg\" alt=\"\" width=\"980\" height=\"733\" srcset=\"https:\/\/ttm4x4customs.com\/wp-content\/uploads\/2020\/07\/jk-rs0-1024x766.jpg 1024w, https:\/\/ttm4x4customs.com\/wp-content\/uploads\/2020\/07\/jk-rs0-300x224.jpg 300w, https:\/\/ttm4x4customs.com\/wp-content\/uploads\/2020\/07\/jk-rs0-768x575.jpg 768w, https:\/\/ttm4x4customs.com\/wp-content\/uploads\/2020\/07\/jk-rs0-1536x1149.jpg 1536w, https:\/\/ttm4x4customs.com\/wp-content\/uploads\/2020\/07\/jk-rs0-416x311.jpg 416w, https:\/\/ttm4x4customs.com\/wp-content\/uploads\/2020\/07\/jk-rs0.jpg 1645w\" sizes=\"auto, (max-width: 980px) 100vw, 980px\" \/><\/p>\n","protected":false},"excerpt":{"rendered":"<p>A\u00f1ade estilo y protecci\u00f3n a los laterales de tu jeep jk de 2 puertas con los Rock sliders TTM4x4customs\u00a0 dise\u00f1o exclusivo su exclusivo sistema de escal\u00f3n asegura un acceso f\u00e1cil a la cabina y una protecci\u00f3n excepcional a los laterales de tu jeep gracias a su formaci\u00f3n &#8220;TM4x4customs unibody&#8221; que consiste en 3 dobleces a [&hellip;]<\/p>\n","protected":false},"featured_media":169,"comment_status":"open","ping_status":"closed","template":"","meta":[],"product_brand":[],"product_cat":[19],"product_tag":[21],"class_list":{"0":"post-31","1":"product","2":"type-product","3":"status-publish","4":"has-post-thumbnail","6":"product_cat-jk","7":"product_tag-rock-sliders-estribos","9":"first","10":"onbackorder","11":"featured","12":"taxable","13":"shipping-taxable","14":"purchasable","15":"product-type-simple"},"_links":{"self":[{"href":"https:\/\/ttm4x4customs.com\/index.php?rest_route=\/wp\/v2\/product\/31","targetHints":{"allow":["GET"]}}],"collection":[{"href":"https:\/\/ttm4x4customs.com\/index.php?rest_route=\/wp\/v2\/product"}],"about":[{"href":"https:\/\/ttm4x4customs.com\/index.php?rest_route=\/wp\/v2\/types\/product"}],"replies":[{"embeddable":true,"href":"https:\/\/ttm4x4customs.com\/index.php?rest_route=%2Fwp%2Fv2%2Fcomments&post=31"}],"wp:featuredmedia":[{"embeddable":true,"href":"https:\/\/ttm4x4customs.com\/index.php?rest_route=\/wp\/v2\/media\/169"}],"wp:attachment":[{"href":"https:\/\/ttm4x4customs.com\/index.php?rest_route=%2Fwp%2Fv2%2Fmedia&parent=31"}],"wp:term":[{"taxonomy":"product_brand","embeddable":true,"href":"https:\/\/ttm4x4customs.com\/index.php?rest_route=%2Fwp%2Fv2%2Fproduct_brand&post=31"},{"taxonomy":"product_cat","embeddable":true,"href":"https:\/\/ttm4x4customs.com\/index.php?rest_route=%2Fwp%2Fv2%2Fproduct_cat&post=31"},{"taxonomy":"product_tag","embeddable":true,"href":"https:\/\/ttm4x4customs.com\/index.php?rest_route=%2Fwp%2Fv2%2Fproduct_tag&post=31"}],"curies":[{"name":"wp","href":"https:\/\/api.w.org\/{rel}","templated":true}]}}